{"id":2042,"date":"2023-04-04T10:18:34","date_gmt":"2023-04-04T10:18:34","guid":{"rendered":"https:\/\/mareterracoffeeinstitute.com\/cookies\/"},"modified":"2024-05-28T14:34:26","modified_gmt":"2024-05-28T14:34:26","slug":"cookies","status":"publish","type":"page","link":"https:\/\/mareterracoffeeinstitute.com\/en\/cookies\/","title":{"rendered":"Cookies"},"content":{"rendered":"\t\t<div data-elementor-type=\"wp-page\" data-elementor-id=\"2042\" class=\"elementor elementor-2042 elementor-1322\" data-elementor-post-type=\"page\">\n\t\t\t\t\t\t<section class=\"elementor-section elementor-top-section elementor-element elementor-element-7cf7691 elementor-section-boxed elementor-section-height-default elementor-section-height-default\" data-id=\"7cf7691\" data-element_type=\"section\" data-e-type=\"section\" data-settings=\"{&quot;background_background&quot;:&quot;classic&quot;}\">\n\t\t\t\t\t\t<div class=\"elementor-container elementor-column-gap-wider\">\n\t\t\t\t\t<div class=\"elementor-column elementor-col-50 elementor-top-column elementor-element elementor-element-5b1c14f\" data-id=\"5b1c14f\" data-element_type=\"column\" data-e-type=\"column\">\n\t\t\t<div class=\"elementor-widget-wrap elementor-element-populated\">\n\t\t\t\t\t\t<section class=\"elementor-section elementor-inner-section elementor-element elementor-element-cb871fd elementor-section-boxed elementor-section-height-default elementor-section-height-default\" data-id=\"cb871fd\" data-element_type=\"section\" data-e-type=\"section\" data-settings=\"{&quot;sticky&quot;:&quot;top&quot;,&quot;sticky_parent&quot;:&quot;yes&quot;,&quot;sticky_on&quot;:[&quot;desktop&quot;,&quot;tablet&quot;,&quot;mobile&quot;],&quot;sticky_offset&quot;:0,&quot;sticky_effects_offset&quot;:0,&quot;sticky_anchor_link_offset&quot;:0}\">\n\t\t\t\t\t\t<div class=\"elementor-container elementor-column-gap-default\">\n\t\t\t\t\t<div class=\"elementor-column elementor-col-100 elementor-inner-column elementor-element elementor-element-36f9d74\" data-id=\"36f9d74\" data-element_type=\"column\" data-e-type=\"column\">\n\t\t\t<div class=\"elementor-widget-wrap elementor-element-populated\">\n\t\t\t\t\t\t<div class=\"elementor-element elementor-element-cf89e4b elementor-widget elementor-widget-heading\" data-id=\"cf89e4b\" data-element_type=\"widget\" data-e-type=\"widget\" data-widget_type=\"heading.default\">\n\t\t\t\t<div class=\"elementor-widget-container\">\n\t\t\t\t\t<h1 class=\"elementor-heading-title elementor-size-default\">Cookies<\/h1>\t\t\t\t<\/div>\n\t\t\t\t<\/div>\n\t\t\t\t\t<\/div>\n\t\t<\/div>\n\t\t\t\t\t<\/div>\n\t\t<\/section>\n\t\t\t\t\t<\/div>\n\t\t<\/div>\n\t\t\t\t<div class=\"elementor-column elementor-col-50 elementor-top-column elementor-element elementor-element-14870dd\" data-id=\"14870dd\" data-element_type=\"column\" data-e-type=\"column\">\n\t\t\t<div class=\"elementor-widget-wrap elementor-element-populated\">\n\t\t\t\t\t\t<div class=\"elementor-element elementor-element-7f54995 elementor-widget elementor-widget-text-editor\" data-id=\"7f54995\" data-element_type=\"widget\" data-e-type=\"widget\" data-widget_type=\"text-editor.default\">\n\t\t\t\t<div class=\"elementor-widget-container\">\n\t\t\t\t\t\t\t\t\t<p><\/p>\n<div class=\"rte\">\n<div class=\"rte\">\n<h4 style=\"margin-top: 0px;\">Sobre el uso de cookies<\/h4>\n<p>www.mareterracoffeeinstitute.es utiliza cookies cuando un usuario navega por el sitio y Website del Portal. Las cookies que se puedan utilizar en dicho portal se asocian \u00fanicamente con el navegador de un dispositivo determinado de forma an\u00f3nima, y no es posible que proporcionen ning\u00fan dato de car\u00e1cter identificativo como ser\u00edan nombre y apellido. Gracias a las cookies, resulta posible que la Website de Mare Terra Coffee Institute reconozca los navegadores de los usuarios. El usuario tiene la posibilidad de configurarlas de manera que las pueda eliminar al salir del portal, o de que estas no se almacenen en su disco duro. Consulte las instrucciones de su navegador habitual (abajo indicado) para ampliar esta informaci\u00f3n.<\/p>\n<p> <\/p>\n<h4>\u00bfQu\u00e9 son las cookies?<\/h4>\n<p>Las cookies son un peque\u00f1o archivo de texto que los sitios web env\u00edan al navegador y que se almacenan en el terminal o dispositivo del usuario. Sus funciones pueden ser muy variadas: almacenar sus preferencias de navegaci\u00f3n, recopilar informaci\u00f3n estad\u00edstica, permitir ciertas funcionalidades t\u00e9cnicas, etc\u00e9tera. En ocasiones, las cookies se utilizan para almacenar informaci\u00f3n b\u00e1sica sobre los h\u00e1bitos de navegaci\u00f3n del usuario o de su equipo.<\/p>\n<p> <\/p>\n<h4>\u00bfCu\u00e1l es su finalidad?<\/h4>\n<p>Las cookies tienen diferentes finalidades seg\u00fan el tipo aplicado. Desde un punto de vista t\u00e9cnico, permiten que las p\u00e1ginas web funcionen de forma m\u00e1s \u00e1gil y adaptada a sus preferencias, como por ejemplo almacenar su idioma o la moneda de su pa\u00eds. Adem\u00e1s, ayudan a los responsables de los sitios web a mejorar los servicios que ofrecen, gracias a la informaci\u00f3n estad\u00edstica que recogen a trav\u00e9s de ellas. Finalmente, sirven para hacer m\u00e1s eficiente la publicidad que le mostramos, gracias a la cual le podemos ofrecer servicios de forma gratuita.<\/p>\n<p> <\/p>\n<h4>\u00bfC\u00f3mo utilizamos las cookies?<\/h4>\n<p>Navegar por este portal supone que se puedan instalar con su consentimiento expreso los siguientes tipos de cookies:<\/p>\n<ul>\n<li>PHPSESSID: Identificador de sesi\u00f3n, por el Web. No caduca.<\/li>\n<li>_ga: Medici\u00f3n interna con Google Analytics Fecha de caducidad: 2 a\u00f1os.<\/li>\n<li>_gat: Medici\u00f3n interna con Google Analytics Fecha de caducidad: 10 minutos.<\/li>\n<\/ul>\n<p> <\/p>\n<h4>\u00bfC\u00f3mo puedo configurar mis preferencias?<\/h4>\n<p>Puede permitir, bloquear o eliminar las cookies instaladas en su equipo mediante la configuraci\u00f3n de las opciones de su navegador de internet. En el caso en que las bloquee, es posible que ciertos servicios que necesitan su uso no est\u00e1n disponibles para usted. A continuaci\u00f3n le ofrecemos enlaces en los que encontrar\u00e1 informaci\u00f3n sobre c\u00f3mo puede activar sus preferencias en los principales navegadores:<\/p>\n<ul>\n<li>Google Chrome http:\/\/support.google.com\/chrome\/bin\/answer.py?hl=es&amp;answer=95647<\/li>\n<li>Microsoft Internet Explorer. http:\/\/windows.microsoft.com\/es-es\/windows7\/how-to-manage-cookies-in-internet-explorer-9<\/li>\n<li>MozillaFirefox http:\/\/support.mozilla.org\/es\/kb\/habilitar-y-deshabilitar-cookies-que-los-sitios-we<\/li>\n<li>Safari http:\/\/support.apple.com\/kb\/ph5042<\/li>\n<li>Opera http:\/\/www.opera.com\/herramientas\/avanzado\/cookies<\/li>\n<\/ul>\n<p> <\/p>\n<p> <\/p>\n<p> <\/p>\n<\/div>\n<\/div>\n<p><\/p>\t\t\t\t\t\t\t\t<\/div>\n\t\t\t\t<\/div>\n\t\t\t\t<div class=\"elementor-element elementor-element-9b70d06 elementor-widget elementor-widget-html\" data-id=\"9b70d06\" data-element_type=\"widget\" data-e-type=\"widget\" data-widget_type=\"html.default\">\n\t\t\t\t<div class=\"elementor-widget-container\">\n\t\t\t\t\t<script id=\"CookieDeclaration\" src=\"https:\/\/consent.cookiebot.com\/e3ae8739-3c86-42e3-b896-c273c6307735\/cd.js\" type=\"text\/javascript\" async><\/script>\t\t\t\t<\/div>\n\t\t\t\t<\/div>\n\t\t\t\t\t<\/div>\n\t\t<\/div>\n\t\t\t\t\t<\/div>\n\t\t<\/section>\n\t\t\t\t<\/div>\n\t\t","protected":false},"excerpt":{"rendered":"<p>Cookies Sobre el uso de cookies www.mareterracoffeeinstitute.es utiliza cookies cuando un usuario navega por el sitio y Website del Portal. Las cookies que se puedan utilizar en dicho portal se asocian \u00fanicamente con el navegador de un dispositivo determinado de forma an\u00f3nima, y no es posible que proporcionen ning\u00fan dato de car\u00e1cter identificativo como ser\u00edan [&hellip;]<\/p>\n","protected":false},"author":1,"featured_media":0,"parent":0,"menu_order":0,"comment_status":"closed","ping_status":"open","template":"","meta":{"_acf_changed":false,"footnotes":""},"class_list":["post-2042","page","type-page","status-publish","hentry"],"acf":[],"yoast_head":"<!-- This site is optimized with the Yoast SEO plugin v27.2 - https:\/\/yoast.com\/product\/yoast-seo-wordpress\/ -->\n<title>Cookies - Mare Terra Coffee Institute<\/title>\n<meta name=\"robots\" content=\"index, follow, max-snippet:-1, max-image-preview:large, max-video-preview:-1\" \/>\n<link rel=\"canonical\" href=\"https:\/\/mareterracoffeeinstitute.com\/en\/cookies\/\" \/>\n<meta property=\"og:locale\" content=\"en_US\" \/>\n<meta property=\"og:type\" content=\"article\" \/>\n<meta property=\"og:title\" content=\"Cookies - Mare Terra Coffee Institute\" \/>\n<meta property=\"og:description\" content=\"Cookies Sobre el uso de cookies www.mareterracoffeeinstitute.es utiliza cookies cuando un usuario navega por el sitio y Website del Portal. Las cookies que se puedan utilizar en dicho portal se asocian \u00fanicamente con el navegador de un dispositivo determinado de forma an\u00f3nima, y no es posible que proporcionen ning\u00fan dato de car\u00e1cter identificativo como ser\u00edan [&hellip;]\" \/>\n<meta property=\"og:url\" content=\"https:\/\/mareterracoffeeinstitute.com\/en\/cookies\/\" \/>\n<meta property=\"og:site_name\" content=\"Mare Terra Coffee Institute\" \/>\n<meta property=\"article:modified_time\" content=\"2024-05-28T14:34:26+00:00\" \/>\n<meta name=\"twitter:card\" content=\"summary_large_image\" \/>\n<meta name=\"twitter:label1\" content=\"Est. reading time\" \/>\n\t<meta name=\"twitter:data1\" content=\"2 minutes\" \/>\n<script type=\"application\/ld+json\" class=\"yoast-schema-graph\">{\"@context\":\"https:\/\/schema.org\",\"@graph\":[{\"@type\":\"WebPage\",\"@id\":\"https:\/\/mareterracoffeeinstitute.com\/en\/cookies\/\",\"url\":\"https:\/\/mareterracoffeeinstitute.com\/en\/cookies\/\",\"name\":\"Cookies - Mare Terra Coffee Institute\",\"isPartOf\":{\"@id\":\"https:\/\/mareterracoffeeinstitute.com\/en\/#website\"},\"datePublished\":\"2023-04-04T10:18:34+00:00\",\"dateModified\":\"2024-05-28T14:34:26+00:00\",\"breadcrumb\":{\"@id\":\"https:\/\/mareterracoffeeinstitute.com\/en\/cookies\/#breadcrumb\"},\"inLanguage\":\"en-US\",\"potentialAction\":[{\"@type\":\"ReadAction\",\"target\":[\"https:\/\/mareterracoffeeinstitute.com\/en\/cookies\/\"]}]},{\"@type\":\"BreadcrumbList\",\"@id\":\"https:\/\/mareterracoffeeinstitute.com\/en\/cookies\/#breadcrumb\",\"itemListElement\":[{\"@type\":\"ListItem\",\"position\":1,\"name\":\"Inicio\",\"item\":\"https:\/\/mareterracoffeeinstitute.com\/en\/home\/\"},{\"@type\":\"ListItem\",\"position\":2,\"name\":\"Cookies\"}]},{\"@type\":\"WebSite\",\"@id\":\"https:\/\/mareterracoffeeinstitute.com\/en\/#website\",\"url\":\"https:\/\/mareterracoffeeinstitute.com\/en\/\",\"name\":\"Mare Terra Coffee Institute\",\"description\":\"\",\"publisher\":{\"@id\":\"https:\/\/mareterracoffeeinstitute.com\/en\/#organization\"},\"potentialAction\":[{\"@type\":\"SearchAction\",\"target\":{\"@type\":\"EntryPoint\",\"urlTemplate\":\"https:\/\/mareterracoffeeinstitute.com\/en\/?s={search_term_string}\"},\"query-input\":{\"@type\":\"PropertyValueSpecification\",\"valueRequired\":true,\"valueName\":\"search_term_string\"}}],\"inLanguage\":\"en-US\"},{\"@type\":\"Organization\",\"@id\":\"https:\/\/mareterracoffeeinstitute.com\/en\/#organization\",\"name\":\"Mare Terra Coffee Institute\",\"url\":\"https:\/\/mareterracoffeeinstitute.com\/en\/\",\"logo\":{\"@type\":\"ImageObject\",\"inLanguage\":\"en-US\",\"@id\":\"https:\/\/mareterracoffeeinstitute.com\/en\/#\/schema\/logo\/image\/\",\"url\":\"https:\/\/mareterracoffeeinstitute.com\/wp-content\/uploads\/2023\/02\/logo-mareterra-header.svg\",\"contentUrl\":\"https:\/\/mareterracoffeeinstitute.com\/wp-content\/uploads\/2023\/02\/logo-mareterra-header.svg\",\"caption\":\"Mare Terra Coffee Institute\"},\"image\":{\"@id\":\"https:\/\/mareterracoffeeinstitute.com\/en\/#\/schema\/logo\/image\/\"}}]}<\/script>\n<!-- \/ Yoast SEO plugin. -->","yoast_head_json":{"title":"Cookies - Mare Terra Coffee Institute","robots":{"index":"index","follow":"follow","max-snippet":"max-snippet:-1","max-image-preview":"max-image-preview:large","max-video-preview":"max-video-preview:-1"},"canonical":"https:\/\/mareterracoffeeinstitute.com\/en\/cookies\/","og_locale":"en_US","og_type":"article","og_title":"Cookies - Mare Terra Coffee Institute","og_description":"Cookies Sobre el uso de cookies www.mareterracoffeeinstitute.es utiliza cookies cuando un usuario navega por el sitio y Website del Portal. Las cookies que se puedan utilizar en dicho portal se asocian \u00fanicamente con el navegador de un dispositivo determinado de forma an\u00f3nima, y no es posible que proporcionen ning\u00fan dato de car\u00e1cter identificativo como ser\u00edan [&hellip;]","og_url":"https:\/\/mareterracoffeeinstitute.com\/en\/cookies\/","og_site_name":"Mare Terra Coffee Institute","article_modified_time":"2024-05-28T14:34:26+00:00","twitter_card":"summary_large_image","twitter_misc":{"Est. reading time":"2 minutes"},"schema":{"@context":"https:\/\/schema.org","@graph":[{"@type":"WebPage","@id":"https:\/\/mareterracoffeeinstitute.com\/en\/cookies\/","url":"https:\/\/mareterracoffeeinstitute.com\/en\/cookies\/","name":"Cookies - Mare Terra Coffee Institute","isPartOf":{"@id":"https:\/\/mareterracoffeeinstitute.com\/en\/#website"},"datePublished":"2023-04-04T10:18:34+00:00","dateModified":"2024-05-28T14:34:26+00:00","breadcrumb":{"@id":"https:\/\/mareterracoffeeinstitute.com\/en\/cookies\/#breadcrumb"},"inLanguage":"en-US","potentialAction":[{"@type":"ReadAction","target":["https:\/\/mareterracoffeeinstitute.com\/en\/cookies\/"]}]},{"@type":"BreadcrumbList","@id":"https:\/\/mareterracoffeeinstitute.com\/en\/cookies\/#breadcrumb","itemListElement":[{"@type":"ListItem","position":1,"name":"Inicio","item":"https:\/\/mareterracoffeeinstitute.com\/en\/home\/"},{"@type":"ListItem","position":2,"name":"Cookies"}]},{"@type":"WebSite","@id":"https:\/\/mareterracoffeeinstitute.com\/en\/#website","url":"https:\/\/mareterracoffeeinstitute.com\/en\/","name":"Mare Terra Coffee Institute","description":"","publisher":{"@id":"https:\/\/mareterracoffeeinstitute.com\/en\/#organization"},"potentialAction":[{"@type":"SearchAction","target":{"@type":"EntryPoint","urlTemplate":"https:\/\/mareterracoffeeinstitute.com\/en\/?s={search_term_string}"},"query-input":{"@type":"PropertyValueSpecification","valueRequired":true,"valueName":"search_term_string"}}],"inLanguage":"en-US"},{"@type":"Organization","@id":"https:\/\/mareterracoffeeinstitute.com\/en\/#organization","name":"Mare Terra Coffee Institute","url":"https:\/\/mareterracoffeeinstitute.com\/en\/","logo":{"@type":"ImageObject","inLanguage":"en-US","@id":"https:\/\/mareterracoffeeinstitute.com\/en\/#\/schema\/logo\/image\/","url":"https:\/\/mareterracoffeeinstitute.com\/wp-content\/uploads\/2023\/02\/logo-mareterra-header.svg","contentUrl":"https:\/\/mareterracoffeeinstitute.com\/wp-content\/uploads\/2023\/02\/logo-mareterra-header.svg","caption":"Mare Terra Coffee Institute"},"image":{"@id":"https:\/\/mareterracoffeeinstitute.com\/en\/#\/schema\/logo\/image\/"}}]}},"_links":{"self":[{"href":"https:\/\/mareterracoffeeinstitute.com\/en\/wp-json\/wp\/v2\/pages\/2042","targetHints":{"allow":["GET"]}}],"collection":[{"href":"https:\/\/mareterracoffeeinstitute.com\/en\/wp-json\/wp\/v2\/pages"}],"about":[{"href":"https:\/\/mareterracoffeeinstitute.com\/en\/wp-json\/wp\/v2\/types\/page"}],"author":[{"embeddable":true,"href":"https:\/\/mareterracoffeeinstitute.com\/en\/wp-json\/wp\/v2\/users\/1"}],"replies":[{"embeddable":true,"href":"https:\/\/mareterracoffeeinstitute.com\/en\/wp-json\/wp\/v2\/comments?post=2042"}],"version-history":[{"count":9,"href":"https:\/\/mareterracoffeeinstitute.com\/en\/wp-json\/wp\/v2\/pages\/2042\/revisions"}],"predecessor-version":[{"id":3974,"href":"https:\/\/mareterracoffeeinstitute.com\/en\/wp-json\/wp\/v2\/pages\/2042\/revisions\/3974"}],"wp:attachment":[{"href":"https:\/\/mareterracoffeeinstitute.com\/en\/wp-json\/wp\/v2\/media?parent=2042"}],"curies":[{"name":"wp","href":"https:\/\/api.w.org\/{rel}","templated":true}]}}