{"id":2048,"date":"2023-02-02T11:25:58","date_gmt":"2023-02-02T11:25:58","guid":{"rendered":"https:\/\/mareterracoffeeinstitute.com\/politica-de-privacidad\/"},"modified":"2024-02-27T08:24:32","modified_gmt":"2024-02-27T08:24:32","slug":"privacy-policy","status":"publish","type":"page","link":"https:\/\/mareterracoffeeinstitute.com\/en\/privacy-policy\/","title":{"rendered":"Pol\u00edtica de privacidad"},"content":{"rendered":"\t\t<div data-elementor-type=\"wp-page\" data-elementor-id=\"2048\" class=\"elementor elementor-2048 elementor-3\" data-elementor-post-type=\"page\">\n\t\t\t\t\t\t<section class=\"elementor-section elementor-top-section elementor-element elementor-element-7cf7691 elementor-section-boxed elementor-section-height-default elementor-section-height-default\" data-id=\"7cf7691\" data-element_type=\"section\" data-e-type=\"section\" data-settings=\"{&quot;background_background&quot;:&quot;classic&quot;}\">\n\t\t\t\t\t\t<div class=\"elementor-container elementor-column-gap-wider\">\n\t\t\t\t\t<div class=\"elementor-column elementor-col-50 elementor-top-column elementor-element elementor-element-5b1c14f\" data-id=\"5b1c14f\" data-element_type=\"column\" data-e-type=\"column\">\n\t\t\t<div class=\"elementor-widget-wrap elementor-element-populated\">\n\t\t\t\t\t\t<section class=\"elementor-section elementor-inner-section elementor-element elementor-element-cb871fd elementor-section-boxed elementor-section-height-default elementor-section-height-default\" data-id=\"cb871fd\" data-element_type=\"section\" data-e-type=\"section\" data-settings=\"{&quot;sticky&quot;:&quot;top&quot;,&quot;sticky_parent&quot;:&quot;yes&quot;,&quot;sticky_on&quot;:[&quot;desktop&quot;,&quot;tablet&quot;,&quot;mobile&quot;],&quot;sticky_offset&quot;:0,&quot;sticky_effects_offset&quot;:0,&quot;sticky_anchor_link_offset&quot;:0}\">\n\t\t\t\t\t\t<div class=\"elementor-container elementor-column-gap-default\">\n\t\t\t\t\t<div class=\"elementor-column elementor-col-100 elementor-inner-column elementor-element elementor-element-36f9d74\" data-id=\"36f9d74\" data-element_type=\"column\" data-e-type=\"column\">\n\t\t\t<div class=\"elementor-widget-wrap elementor-element-populated\">\n\t\t\t\t\t\t<div class=\"elementor-element elementor-element-cf89e4b elementor-widget elementor-widget-heading\" data-id=\"cf89e4b\" data-element_type=\"widget\" data-e-type=\"widget\" data-widget_type=\"heading.default\">\n\t\t\t\t<div class=\"elementor-widget-container\">\n\t\t\t\t\t<h1 class=\"elementor-heading-title elementor-size-default\">Privacy Policy<\/h1>\t\t\t\t<\/div>\n\t\t\t\t<\/div>\n\t\t\t\t\t<\/div>\n\t\t<\/div>\n\t\t\t\t\t<\/div>\n\t\t<\/section>\n\t\t\t\t\t<\/div>\n\t\t<\/div>\n\t\t\t\t<div class=\"elementor-column elementor-col-50 elementor-top-column elementor-element elementor-element-14870dd\" data-id=\"14870dd\" data-element_type=\"column\" data-e-type=\"column\">\n\t\t\t<div class=\"elementor-widget-wrap elementor-element-populated\">\n\t\t\t\t\t\t<div class=\"elementor-element elementor-element-7f54995 elementor-widget elementor-widget-text-editor\" data-id=\"7f54995\" data-element_type=\"widget\" data-e-type=\"widget\" data-widget_type=\"text-editor.default\">\n\t\t\t\t<div class=\"elementor-widget-container\">\n\t\t\t\t\t\t\t\t\t<h2 style=\"margin-top:0;\">Who we are<\/h2>\n<h2 style=\"margin-top:0;\"><font face=\"DM Sans, sans-serif\"><span style=\"font-size: 16px;\">Our website address is: https:\/\/mareterracoffeeinstitute.com.<\/span><\/font><\/h2><h2 style=\"margin-top:0;\"><span style=\"color: var(--e-global-color-90956fa ); font-family: var(--e-global-typography-ced66e3-font-family ), Sans-serif; font-size: var(--e-global-typography-ced66e3-font-size ); font-weight: var(--e-global-typography-ced66e3-font-weight ); letter-spacing: var(--e-global-typography-ced66e3-letter-spacing ); word-spacing: var(--e-global-typography-ced66e3-word-spacing ); font-style: var( --e-global-typography-text-font-style ); background-color: var( --e-global-color-5e21aed );\">Comments<\/span><br><\/h2>\n<h2><font face=\"DM Sans, sans-serif\"><span style=\"font-size: 16px;\">When visitors leave comments on the site, we collect the data displayed in the comment form, as well as the visitor&#8217;s IP address and browser user agent string to aid spam detection.<\/span><\/font><\/h2>\n<h2><font face=\"DM Sans, sans-serif\"><span style=\"font-size: 16px;\">An anonymous string created from your email address (also called a hash) may be provided to the Gravatar service to see if you are using it. The privacy policy for the Gravatar service is available here: https:\/\/automattic.com\/privacy\/. After approval of your comment, your profile picture is visible to the public in the context of your comment.<\/span><\/font><\/h2>\n<h2>Media<\/h2>\n<h2><span style=\"color: var( --e-global-color-90956fa ); font-family: var( --e-global-typography-ba0751a-font-family ), Sans-serif; font-size: var( --e-global-typography-ba0751a-font-size ); font-style: var( --e-global-typography-text-font-style ); font-weight: var( --e-global-typography-ba0751a-font-weight ); letter-spacing: var( --e-global-typography-ba0751a-letter-spacing ); word-spacing: var( --e-global-typography-ba0751a-word-spacing ); background-color: var( --e-global-color-5e21aed );\">Si subes im\u00e1genes a la web, deber\u00edas evitar subir im\u00e1genes con datos de ubicaci\u00f3n (GPS EXIF) incluidos. Los visitantes de la web pueden descargar y extraer cualquier dato de ubicaci\u00f3n de las im\u00e1genes de la web.<\/span><br><\/h2>\n<h2>Cookies<\/h2>\n<p>If you leave a comment on our site you can choose to save your name, email address and website in cookies. This is for your convenience, so you don&#8217;t have to fill in your details again when you leave another comment. These cookies will last for one year.<\/p>\n<p>If you have an account and log in to this site, we will set a temporary cookie to determine whether your browser accepts cookies. This cookie contains no personal data and is deleted when you close your browser.<\/p>\n<p>When you log in, we will also set a number of cookies to store your login information and screen display options. The login cookies last for two days, and the display options cookies last for one year. If you select &#8220;Remember me&#8221;, your login will last for two weeks. If you log out of your account, your login cookies will be deleted.<\/p>\n<p>If you edit or publish an article, an additional cookie will be saved in your browser. This cookie does not contain any personal data and simply indicates the ID of the article you have just edited. It expires after 1 day.<\/p>\n<h2>Embedded content from other websites<\/h2>\n<h2><font face=\"DM Sans, sans-serif\"><span style=\"font-size: 16px;\">Articles on this site may include embedded content (e.g. videos, images, articles, etc.). Embedded content from other websites behaves in exactly the same way as if the visitor had visited the other website.<\/span><\/font><\/h2>\n<h2><font face=\"DM Sans, sans-serif\"><span style=\"font-size: 16px;\">These sites may collect data about you, use cookies, embed additional tracking from third parties, and monitor your interaction with that embedded content, including tracking your interaction with the embedded content if you have an account and are logged in to that site.<\/span><\/font><\/h2>\n<h2>With whom we share your data<\/h2>\n<h2><font face=\"DM Sans, sans-serif\"><span style=\"font-size: 16px;\">If you request a password reset, your IP address will be included in the reset email.<\/span><\/font><br><\/h2>\n<h2>How long we keep your data<\/h2>\n<p>If you leave a comment, the comment and its metadata are retained indefinitely. This is so that we can recognise and approve successive comments automatically, rather than keeping them in a moderation queue.<\/p>\n<p>For users who register on our site (if any), we also store the personal information they provide in their user profile. All users can view, edit or delete their personal information at any time (except that they cannot change their username). Site administrators can also view and edit that information.<\/p>\n<h2>What rights you have over your data<\/h2>\n<p>If you have an account or have left comments on this website, you may request to receive an export file of the personal data we hold about you, including any data you have provided to us. You may also request that we delete any personal data we hold about you. This does not include any data that we are required to retain for administrative, legal or security purposes.<\/p>\n<h2>Where your data are sent<\/h2>\n<h2><font face=\"DM Sans, sans-serif\"><span style=\"font-size: 16px;\">Visitor comments may be checked by an automatic spam detection service.<\/span><\/font><br><\/h2>\t\t\t\t\t\t\t\t<\/div>\n\t\t\t\t<\/div>\n\t\t\t\t\t<\/div>\n\t\t<\/div>\n\t\t\t\t\t<\/div>\n\t\t<\/section>\n\t\t\t\t<\/div>\n\t\t","protected":false},"excerpt":{"rendered":"<p>Privacy Policy Who we are Our website address is: https:\/\/mareterracoffeeinstitute.com. Comments When visitors leave comments on the site, we collect the data displayed in the comment form, as well as the visitor&#8217;s IP address and browser user agent string to aid spam detection. An anonymous string created from your email address (also called a hash) [&hellip;]<\/p>\n","protected":false},"author":1,"featured_media":0,"parent":0,"menu_order":0,"comment_status":"closed","ping_status":"open","template":"","meta":{"_acf_changed":false,"footnotes":""},"class_list":["post-2048","page","type-page","status-publish","hentry"],"acf":[],"yoast_head":"<!-- This site is optimized with the Yoast SEO plugin v27.2 - https:\/\/yoast.com\/product\/yoast-seo-wordpress\/ -->\n<title>Pol\u00edtica de privacidad - Mare Terra Coffee Institute<\/title>\n<meta name=\"robots\" content=\"index, follow, max-snippet:-1, max-image-preview:large, max-video-preview:-1\" \/>\n<link rel=\"canonical\" href=\"https:\/\/mareterracoffeeinstitute.com\/en\/privacy-policy\/\" \/>\n<meta property=\"og:locale\" content=\"en_US\" \/>\n<meta property=\"og:type\" content=\"article\" \/>\n<meta property=\"og:title\" content=\"Pol\u00edtica de privacidad - Mare Terra Coffee Institute\" \/>\n<meta property=\"og:description\" content=\"Privacy Policy Who we are Our website address is: https:\/\/mareterracoffeeinstitute.com. Comments When visitors leave comments on the site, we collect the data displayed in the comment form, as well as the visitor&#8217;s IP address and browser user agent string to aid spam detection. An anonymous string created from your email address (also called a hash) [&hellip;]\" \/>\n<meta property=\"og:url\" content=\"https:\/\/mareterracoffeeinstitute.com\/en\/privacy-policy\/\" \/>\n<meta property=\"og:site_name\" content=\"Mare Terra Coffee Institute\" \/>\n<meta property=\"article:modified_time\" content=\"2024-02-27T08:24:32+00:00\" \/>\n<meta name=\"twitter:card\" content=\"summary_large_image\" \/>\n<meta name=\"twitter:label1\" content=\"Est. reading time\" \/>\n\t<meta name=\"twitter:data1\" content=\"3 minutes\" \/>\n<script type=\"application\/ld+json\" class=\"yoast-schema-graph\">{\"@context\":\"https:\/\/schema.org\",\"@graph\":[{\"@type\":\"WebPage\",\"@id\":\"https:\/\/mareterracoffeeinstitute.com\/en\/privacy-policy\/\",\"url\":\"https:\/\/mareterracoffeeinstitute.com\/en\/privacy-policy\/\",\"name\":\"Pol\u00edtica de privacidad - Mare Terra Coffee Institute\",\"isPartOf\":{\"@id\":\"https:\/\/mareterracoffeeinstitute.com\/en\/#website\"},\"datePublished\":\"2023-02-02T11:25:58+00:00\",\"dateModified\":\"2024-02-27T08:24:32+00:00\",\"breadcrumb\":{\"@id\":\"https:\/\/mareterracoffeeinstitute.com\/en\/privacy-policy\/#breadcrumb\"},\"inLanguage\":\"en-US\",\"potentialAction\":[{\"@type\":\"ReadAction\",\"target\":[\"https:\/\/mareterracoffeeinstitute.com\/en\/privacy-policy\/\"]}]},{\"@type\":\"BreadcrumbList\",\"@id\":\"https:\/\/mareterracoffeeinstitute.com\/en\/privacy-policy\/#breadcrumb\",\"itemListElement\":[{\"@type\":\"ListItem\",\"position\":1,\"name\":\"Inicio\",\"item\":\"https:\/\/mareterracoffeeinstitute.com\/en\/home\/\"},{\"@type\":\"ListItem\",\"position\":2,\"name\":\"Pol\u00edtica de privacidad\"}]},{\"@type\":\"WebSite\",\"@id\":\"https:\/\/mareterracoffeeinstitute.com\/en\/#website\",\"url\":\"https:\/\/mareterracoffeeinstitute.com\/en\/\",\"name\":\"Mare Terra Coffee Institute\",\"description\":\"\",\"publisher\":{\"@id\":\"https:\/\/mareterracoffeeinstitute.com\/en\/#organization\"},\"potentialAction\":[{\"@type\":\"SearchAction\",\"target\":{\"@type\":\"EntryPoint\",\"urlTemplate\":\"https:\/\/mareterracoffeeinstitute.com\/en\/?s={search_term_string}\"},\"query-input\":{\"@type\":\"PropertyValueSpecification\",\"valueRequired\":true,\"valueName\":\"search_term_string\"}}],\"inLanguage\":\"en-US\"},{\"@type\":\"Organization\",\"@id\":\"https:\/\/mareterracoffeeinstitute.com\/en\/#organization\",\"name\":\"Mare Terra Coffee Institute\",\"url\":\"https:\/\/mareterracoffeeinstitute.com\/en\/\",\"logo\":{\"@type\":\"ImageObject\",\"inLanguage\":\"en-US\",\"@id\":\"https:\/\/mareterracoffeeinstitute.com\/en\/#\/schema\/logo\/image\/\",\"url\":\"https:\/\/mareterracoffeeinstitute.com\/wp-content\/uploads\/2023\/02\/logo-mareterra-header.svg\",\"contentUrl\":\"https:\/\/mareterracoffeeinstitute.com\/wp-content\/uploads\/2023\/02\/logo-mareterra-header.svg\",\"caption\":\"Mare Terra Coffee Institute\"},\"image\":{\"@id\":\"https:\/\/mareterracoffeeinstitute.com\/en\/#\/schema\/logo\/image\/\"}}]}<\/script>\n<!-- \/ Yoast SEO plugin. -->","yoast_head_json":{"title":"Pol\u00edtica de privacidad - Mare Terra Coffee Institute","robots":{"index":"index","follow":"follow","max-snippet":"max-snippet:-1","max-image-preview":"max-image-preview:large","max-video-preview":"max-video-preview:-1"},"canonical":"https:\/\/mareterracoffeeinstitute.com\/en\/privacy-policy\/","og_locale":"en_US","og_type":"article","og_title":"Pol\u00edtica de privacidad - Mare Terra Coffee Institute","og_description":"Privacy Policy Who we are Our website address is: https:\/\/mareterracoffeeinstitute.com. Comments When visitors leave comments on the site, we collect the data displayed in the comment form, as well as the visitor&#8217;s IP address and browser user agent string to aid spam detection. An anonymous string created from your email address (also called a hash) [&hellip;]","og_url":"https:\/\/mareterracoffeeinstitute.com\/en\/privacy-policy\/","og_site_name":"Mare Terra Coffee Institute","article_modified_time":"2024-02-27T08:24:32+00:00","twitter_card":"summary_large_image","twitter_misc":{"Est. reading time":"3 minutes"},"schema":{"@context":"https:\/\/schema.org","@graph":[{"@type":"WebPage","@id":"https:\/\/mareterracoffeeinstitute.com\/en\/privacy-policy\/","url":"https:\/\/mareterracoffeeinstitute.com\/en\/privacy-policy\/","name":"Pol\u00edtica de privacidad - Mare Terra Coffee Institute","isPartOf":{"@id":"https:\/\/mareterracoffeeinstitute.com\/en\/#website"},"datePublished":"2023-02-02T11:25:58+00:00","dateModified":"2024-02-27T08:24:32+00:00","breadcrumb":{"@id":"https:\/\/mareterracoffeeinstitute.com\/en\/privacy-policy\/#breadcrumb"},"inLanguage":"en-US","potentialAction":[{"@type":"ReadAction","target":["https:\/\/mareterracoffeeinstitute.com\/en\/privacy-policy\/"]}]},{"@type":"BreadcrumbList","@id":"https:\/\/mareterracoffeeinstitute.com\/en\/privacy-policy\/#breadcrumb","itemListElement":[{"@type":"ListItem","position":1,"name":"Inicio","item":"https:\/\/mareterracoffeeinstitute.com\/en\/home\/"},{"@type":"ListItem","position":2,"name":"Pol\u00edtica de privacidad"}]},{"@type":"WebSite","@id":"https:\/\/mareterracoffeeinstitute.com\/en\/#website","url":"https:\/\/mareterracoffeeinstitute.com\/en\/","name":"Mare Terra Coffee Institute","description":"","publisher":{"@id":"https:\/\/mareterracoffeeinstitute.com\/en\/#organization"},"potentialAction":[{"@type":"SearchAction","target":{"@type":"EntryPoint","urlTemplate":"https:\/\/mareterracoffeeinstitute.com\/en\/?s={search_term_string}"},"query-input":{"@type":"PropertyValueSpecification","valueRequired":true,"valueName":"search_term_string"}}],"inLanguage":"en-US"},{"@type":"Organization","@id":"https:\/\/mareterracoffeeinstitute.com\/en\/#organization","name":"Mare Terra Coffee Institute","url":"https:\/\/mareterracoffeeinstitute.com\/en\/","logo":{"@type":"ImageObject","inLanguage":"en-US","@id":"https:\/\/mareterracoffeeinstitute.com\/en\/#\/schema\/logo\/image\/","url":"https:\/\/mareterracoffeeinstitute.com\/wp-content\/uploads\/2023\/02\/logo-mareterra-header.svg","contentUrl":"https:\/\/mareterracoffeeinstitute.com\/wp-content\/uploads\/2023\/02\/logo-mareterra-header.svg","caption":"Mare Terra Coffee Institute"},"image":{"@id":"https:\/\/mareterracoffeeinstitute.com\/en\/#\/schema\/logo\/image\/"}}]}},"_links":{"self":[{"href":"https:\/\/mareterracoffeeinstitute.com\/en\/wp-json\/wp\/v2\/pages\/2048","targetHints":{"allow":["GET"]}}],"collection":[{"href":"https:\/\/mareterracoffeeinstitute.com\/en\/wp-json\/wp\/v2\/pages"}],"about":[{"href":"https:\/\/mareterracoffeeinstitute.com\/en\/wp-json\/wp\/v2\/types\/page"}],"author":[{"embeddable":true,"href":"https:\/\/mareterracoffeeinstitute.com\/en\/wp-json\/wp\/v2\/users\/1"}],"replies":[{"embeddable":true,"href":"https:\/\/mareterracoffeeinstitute.com\/en\/wp-json\/wp\/v2\/comments?post=2048"}],"version-history":[{"count":7,"href":"https:\/\/mareterracoffeeinstitute.com\/en\/wp-json\/wp\/v2\/pages\/2048\/revisions"}],"predecessor-version":[{"id":2839,"href":"https:\/\/mareterracoffeeinstitute.com\/en\/wp-json\/wp\/v2\/pages\/2048\/revisions\/2839"}],"wp:attachment":[{"href":"https:\/\/mareterracoffeeinstitute.com\/en\/wp-json\/wp\/v2\/media?parent=2048"}],"curies":[{"name":"wp","href":"https:\/\/api.w.org\/{rel}","templated":true}]}}